{"id":32,"date":"2020-10-11T16:01:57","date_gmt":"2020-10-11T16:01:57","guid":{"rendered":"https:\/\/www.jugendzentrum-hei.de\/?page_id=32"},"modified":"2023-07-26T20:30:29","modified_gmt":"2023-07-26T18:30:29","slug":"das-team","status":"publish","type":"page","link":"https:\/\/www.jugendzentrum-hei.de\/?page_id=32","title":{"rendered":"Unser Team"},"content":{"rendered":"<p style=\"text-align: left;\">Im Jugendzentrum arbeiten drei p\u00e4dagogische Mitarbeiter*innen. Unser Team wird au\u00dferdem von verschiedenen Fachkr\u00e4ften unterst\u00fctzt, welche in Schulen, Beratungseinrichtungen oder anderen Institutionen t\u00e4tig sind.<\/p>\n<p style=\"text-align: left;\">Wir begleiten auch gerne Praktikant*innen, die sich in einer p\u00e4dagogischen Berufsausbildung\/Studium befinden.<\/p>\n","protected":false},"excerpt":{"rendered":"<p>Im Jugendzentrum arbeiten drei p\u00e4dagogische Mitarbeiter*innen. Unser Team wird au\u00dferdem von verschiedenen Fachkr\u00e4ften unterst\u00fctzt, welche in Schulen, Beratungseinrichtungen oder anderen Institutionen t\u00e4tig sind. Wir begleiten auch gerne Praktikant*innen, die sich in einer p\u00e4dagogischen Berufsausbildung\/Studium befinden.<\/p>\n","protected":false},"author":1,"featured_media":0,"parent":0,"menu_order":0,"comment_status":"closed","ping_status":"closed","template":"","meta":[],"_links":{"self":[{"href":"https:\/\/www.jugendzentrum-hei.de\/index.php?rest_route=\/wp\/v2\/pages\/32"}],"collection":[{"href":"https:\/\/www.jugendzentrum-hei.de\/index.php?rest_route=\/wp\/v2\/pages"}],"about":[{"href":"https:\/\/www.jugendzentrum-hei.de\/index.php?rest_route=\/wp\/v2\/types\/page"}],"author":[{"embeddable":true,"href":"https:\/\/www.jugendzentrum-hei.de\/index.php?rest_route=\/wp\/v2\/users\/1"}],"replies":[{"embeddable":true,"href":"https:\/\/www.jugendzentrum-hei.de\/index.php?rest_route=%2Fwp%2Fv2%2Fcomments&post=32"}],"version-history":[{"count":8,"href":"https:\/\/www.jugendzentrum-hei.de\/index.php?rest_route=\/wp\/v2\/pages\/32\/revisions"}],"predecessor-version":[{"id":234,"href":"https:\/\/www.jugendzentrum-hei.de\/index.php?rest_route=\/wp\/v2\/pages\/32\/revisions\/234"}],"wp:attachment":[{"href":"https:\/\/www.jugendzentrum-hei.de\/index.php?rest_route=%2Fwp%2Fv2%2Fmedia&parent=32"}],"curies":[{"name":"wp","href":"https:\/\/api.w.org\/{rel}","templated":true}]}}